{"id":46,"date":"2015-10-06T03:00:13","date_gmt":"2015-10-06T01:00:13","guid":{"rendered":"http:\/\/neu.seven-valley-ranch.de\/?page_id=46"},"modified":"2026-01-29T14:05:39","modified_gmt":"2026-01-29T13:05:39","slug":"seminare","status":"publish","type":"page","link":"https:\/\/www.seven-valley-ranch.de\/webseiten\/wordpress\/seminare\/","title":{"rendered":"Seminare"},"content":{"rendered":"<p style=\"text-align: justify;\">Hier finden Sie Informationen \u00fcber Seminare zu verschiedensten interessanten Themen, die Sie w\u00e4hrend Ihres Aufenthaltes auf der Seven Valley Ranch buchen k\u00f6nnen. Alle Seminare finden vor Ort auf der Seven-Valley-Ranch und in der n\u00e4heren Umgebung statt.<\/p>\n<p><img loading=\"lazy\" decoding=\"async\" class=\"alignnone size-medium wp-image-1132\" src=\"https:\/\/www.seven-valley-ranch.de\/wp-content\/uploads\/2022\/11\/Lupo_Brille_klein-226x300.jpg\" alt=\"\" width=\"226\" height=\"300\" srcset=\"https:\/\/www.seven-valley-ranch.de\/wp-content\/uploads\/2022\/11\/Lupo_Brille_klein-226x300.jpg 226w, https:\/\/www.seven-valley-ranch.de\/wp-content\/uploads\/2022\/11\/Lupo_Brille_klein-286x380.jpg 286w, https:\/\/www.seven-valley-ranch.de\/wp-content\/uploads\/2022\/11\/Lupo_Brille_klein.jpg 301w\" sizes=\"auto, (max-width: 226px) 100vw, 226px\" \/><\/p>\n<hr>\n<h3>Special Wochenendseminar auf der Seven-Valley-Ranch<\/h3>\n<h5>So gelingt der Alltag mit unseren Hunden &#8211;<br \/>\ndas etwas andere Praxis-\/Theorie-Seminar<\/h5>\n<p>Ihr Coach: Andreas Schmitt&nbsp;<strong><br \/>\n<a href=\"https:\/\/www.hund-beziehung-mensch.de\/\" target=\"_blank\" rel=\"noopener\">https:\/\/www.hund-beziehung-mensch.de<\/a><\/strong><\/p>\n<h6>Ablauf:<\/h6>\n<p><em>Freitag nachmittags:<\/em><\/p>\n<ul>\n<li>individuelle Anreise zur Ranch<\/li>\n<li>um 18.30 Uhr gemeinsames Abendessen und Kennenlernrunde<\/li>\n<\/ul>\n<p><em>Samstag<\/em><\/p>\n<ul>\n<li>ab 08.30 Uhr Fr\u00fchst\u00fcck auf der Ranch<\/li>\n<li>ca. 10.30 Uhr gemeinsamer Social-Walk in der Gruppe und erste Trainings\u00fcbungen und Tipps<\/li>\n<li>ca. 12.30 Uhr individuelle Pause<\/li>\n<li>ca. 14.00 Uhr gemeinsame praktische Coachingeinheiten auf dem Gel\u00e4nde der Ranch. Hier wird bereits aufgrund der kleinen Gruppe individuell auf jedes Mensch-Hund-Team eingegangen. Je nach Wetterlage auch\/alternativ Theorie und Wissen rund ums Thema Hund.<\/li>\n<li>Pause<\/li>\n<li>ab 18.30 Uhr gemeinsames Abendessen auf der Ranch und anschlie\u00dfend gem\u00fctliches Beisammensein mit Fragerunde \/ Vortrag zu Hundethemen.<\/li>\n<\/ul>\n<p><em>Sonntag<\/em><\/p>\n<ul>\n<li>ab 08.30 Uhr gemeinsames Fr\u00fchst\u00fcck auf der Ranch mit anschlie\u00dfenden Coachingeinheiten, Abschlussgespr\u00e4chen und Verabschiedung<\/li>\n<li>ca. 14.00 Uhr individuelle Abreise der Teilnehmer<\/li>\n<\/ul>\n<h6><strong>Preise:<\/strong><\/h6>\n<p>EUR 280,00 pro Mensch-Hund-Team (max. 2 Hunde)<br \/>\nMax. 6 Teams&nbsp;<\/p>\n<p>Zeiten und Inhalte richten sich grunds\u00e4tzlich nach den Teilnehmern und Ihren Hunden. \u00c4nderungen im Ablauf, in Inhalten, Zeiten sowie wetterbedingt sind m\u00f6glich und werden vor Ort gemeinsam abgesprochen bzw. durch den Coach entschieden.<\/p>\n<p>Max. Anzahl der aktiven Teilnehmer mit ihren Hunden: 6 Teams. Richtet sich auch nach der Verf\u00fcgbarkeit auf der Seven-Valley-Ranch.<br \/>\nMax. Anzahl pro Team 2 Hunde. Weitere Hunde pro Team nur nach vorheriger Absprache.<\/p>\n<p>Verhaltensauff\u00e4llige Hunde sind entsprechend durch Beiss-Schutz abzusichern. So lange durch den Coach nichts anders angek\u00fcndigt besteht Leinenpflicht w\u00e4hrend der Veranstaltung.<\/p>\n<p>Der Coach beh\u00e4lt sich in begr\u00fcndeten F\u00e4llen und nach Absprache vor, einzelne Hunde vom praktischen Coaching auszuschlie\u00dfen bzw. f\u00fcr diese Hunde ein Einzelcoaching durchzuf\u00fchren. Die Hundehalter sowie ihre Hunde m\u00fcssen entsprechend versichert sein.<\/p>\n<p>Grunds\u00e4tzlich gelten f\u00fcr die Veranstaltung die AGBs des Veranstalters Hund-Beziehung-Mensch, soweit nichts anderes schriftlich vereinbart, sowie die AGBs der Seven-Valley-Ranch.<\/p>\n<p><strong>Termine:<br \/>\n<\/strong><del>16.01. bis 18.01.2026<\/del><br \/>\n06.02. bis 08.02.2026<\/p>\n<p>Buchung Seminar: \u00dcber die Webseite <a title=\"www.hund-beziehung-mensch.de\" href=\"https:\/\/www.hund-beziehung-mensch.de\/\" target=\"_blank\" rel=\"noopener\">www.hund-beziehung-mensch.de<\/a> oder per E-Mail an: <a href=\"mailto:info@hund-beziehung-mensch.de\">info@hund-beziehung-mensch.de<\/a><\/p>\n<p>Buchung \u00dcbernachtungen: Email an <a href=\"mailto:info@seven-valley-ranch.de\">info@seven-valley-ranch.de<\/a> bzw. <a href=\"https:\/\/www.seven-valley-ranch.de\/webseiten\/wordpress\/buchung\/\" target=\"_blank\" rel=\"noopener\">hier<\/a> klicken.<\/p>\n<hr>\n<div class=\"x11i5rnm xat24cr x1mh8g0r x1vvkbs xtlvy1s\">\n<p>&nbsp;<\/p>\n<\/div>\n<h3 style=\"text-align: justify;\">Hundeschule im Hunsr\u00fcck &#8211; Bettina Alfaro<\/h3>\n<p>Bettina Alfaro bietet Einzelstunden, Teilnahme am Programm der Hundeschule sowie Angebote f\u00fcr Gruppen.&nbsp; Informationen zur Hundeschule hier: <a href=\"https:\/\/www.familienhundtraining.com\/\" target=\"_blank\" rel=\"noopener noreferrer\">Hundeschule im Hunsr\u00fcck<\/a><\/p>\n<p style=\"text-align: justify;\">&nbsp;<\/p>\n","protected":false},"excerpt":{"rendered":"<p>Hier finden Sie Informationen \u00fcber Seminare zu verschiedensten interessanten Themen, die Sie w\u00e4hrend Ihres Aufenthaltes auf der Seven Valley Ranch buchen k\u00f6nnen. Alle Seminare finden vor Ort auf der Seven-Valley-Ranch und in der n\u00e4heren Umgebung statt. Special Wochenendseminar auf der Seven-Valley-Ranch So gelingt der Alltag mit unseren Hunden &#8211; das etwas andere Praxis-\/Theorie-Seminar Ihr Coach:&hellip; <a class=\"continue\" href=\"https:\/\/www.seven-valley-ranch.de\/webseiten\/wordpress\/seminare\/\">Weiterlesen<span> Seminare<\/span><\/a><\/p>\n","protected":false},"author":1,"featured_media":0,"parent":0,"menu_order":0,"comment_status":"closed","ping_status":"closed","template":"","meta":{"ngg_post_thumbnail":0,"footnotes":""},"class_list":["post-46","page","type-page","status-publish","hentry","without-featured-image"],"aioseo_notices":[],"_links":{"self":[{"href":"https:\/\/www.seven-valley-ranch.de\/webseiten\/wordpress\/wp-json\/wp\/v2\/pages\/46","targetHints":{"allow":["GET"]}}],"collection":[{"href":"https:\/\/www.seven-valley-ranch.de\/webseiten\/wordpress\/wp-json\/wp\/v2\/pages"}],"about":[{"href":"https:\/\/www.seven-valley-ranch.de\/webseiten\/wordpress\/wp-json\/wp\/v2\/types\/page"}],"author":[{"embeddable":true,"href":"https:\/\/www.seven-valley-ranch.de\/webseiten\/wordpress\/wp-json\/wp\/v2\/users\/1"}],"replies":[{"embeddable":true,"href":"https:\/\/www.seven-valley-ranch.de\/webseiten\/wordpress\/wp-json\/wp\/v2\/comments?post=46"}],"version-history":[{"count":30,"href":"https:\/\/www.seven-valley-ranch.de\/webseiten\/wordpress\/wp-json\/wp\/v2\/pages\/46\/revisions"}],"predecessor-version":[{"id":1406,"href":"https:\/\/www.seven-valley-ranch.de\/webseiten\/wordpress\/wp-json\/wp\/v2\/pages\/46\/revisions\/1406"}],"wp:attachment":[{"href":"https:\/\/www.seven-valley-ranch.de\/webseiten\/wordpress\/wp-json\/wp\/v2\/media?parent=46"}],"curies":[{"name":"wp","href":"https:\/\/api.w.org\/{rel}","templated":true}]}}