{"id":38,"date":"2015-10-06T02:45:20","date_gmt":"2015-10-06T00:45:20","guid":{"rendered":"http:\/\/neu.seven-valley-ranch.de\/?page_id=38"},"modified":"2025-11-19T08:50:10","modified_gmt":"2025-11-19T07:50:10","slug":"service","status":"publish","type":"page","link":"https:\/\/www.seven-valley-ranch.de\/webseiten\/wordpress\/die-ranch\/service\/","title":{"rendered":"Service"},"content":{"rendered":"<h3>Unser exklusiver Service f\u00fcr unsere zwei- und vierbeinigen G\u00e4ste<\/h3>\n<ul>\n<li style=\"text-align: justify;\">Auf Wunsch k\u00f6nnen Sie in unserem gem\u00fctlichen &#8222;Pfotentreff&#8220; fr\u00fchst\u00fccken und zu Abend essen. Ein leckeres Fr\u00fchst\u00fcck gibt es schon ab 8,90 \u20ac pro Person, Abendessen ab 15,90 \u20ac. Der Dienstag ist Ruhetag im Pfotentreff.<\/li>\n<li style=\"text-align: justify;\">Auf dem weitl\u00e4ufig eingez\u00e4unten Gel\u00e4nde steht unseren G\u00e4sten ein Fun-Agilityplatz (Hundespielplatz mit Ger\u00e4ten) zur Verf\u00fcgung. Eine gro\u00dfz\u00fcgig angelegte Freilauffl\u00e4che mit Hundepool und eine separate eingez\u00e4unte Buddelwiese laden zum Toben ein.<\/li>\n<li style=\"text-align: justify;\">Gemeinsame Wanderungen und gem\u00fctliche Grillabende mit unseren G\u00e4sten schaffen eine famili\u00e4re Atmosph\u00e4re.<\/li>\n<li style=\"text-align: justify;\">Viel Gep\u00e4ck? &#8211; Nicht n\u00f6tig! Hundematte, N\u00e4pfe, Hundehandt\u00fccher geh\u00f6ren nat\u00fcrlich zur Grundausstattung der Ferienh\u00e4user.<\/li>\n<li>Auf unserer Ranch befindet sich eine Wallbox zum Laden Ihres E-Autos.<\/li>\n<li style=\"text-align: justify;\">Ein umfassender Service erm\u00f6glicht jedem Gast einen angenehmen und unkomplizierten Urlaub zu verbringen. F\u00fcr TK-BARF gibt es Platz in der Tiefk\u00fchltruhe.<\/li>\n<\/ul>\n<p><img loading=\"lazy\" decoding=\"async\" class=\"alignnone size-medium wp-image-39\" src=\"http:\/\/neu.seven-valley-ranch.de\/wp-content\/uploads\/2015\/10\/DSC01585-300x165.jpg\" alt=\"\" width=\"300\" height=\"165\" srcset=\"https:\/\/www.seven-valley-ranch.de\/wp-content\/uploads\/2015\/10\/DSC01585-300x165.jpg 300w, https:\/\/www.seven-valley-ranch.de\/wp-content\/uploads\/2015\/10\/DSC01585.jpg 640w\" sizes=\"auto, (max-width: 300px) 100vw, 300px\" \/><\/p>\n","protected":false},"excerpt":{"rendered":"<p>Unser exklusiver Service f\u00fcr unsere zwei- und vierbeinigen G\u00e4ste Auf Wunsch k\u00f6nnen Sie in unserem gem\u00fctlichen &#8222;Pfotentreff&#8220; fr\u00fchst\u00fccken und zu Abend essen. Ein leckeres Fr\u00fchst\u00fcck gibt es schon ab 8,90 \u20ac pro Person, Abendessen ab 15,90 \u20ac. Der Dienstag ist Ruhetag im Pfotentreff. Auf dem weitl\u00e4ufig eingez\u00e4unten Gel\u00e4nde steht unseren G\u00e4sten ein Fun-Agilityplatz (Hundespielplatz mit&hellip; <a class=\"continue\" href=\"https:\/\/www.seven-valley-ranch.de\/webseiten\/wordpress\/die-ranch\/service\/\">Weiterlesen<span> Service<\/span><\/a><\/p>\n","protected":false},"author":1,"featured_media":0,"parent":22,"menu_order":2,"comment_status":"closed","ping_status":"closed","template":"","meta":{"ngg_post_thumbnail":0,"footnotes":""},"class_list":["post-38","page","type-page","status-publish","hentry","without-featured-image"],"aioseo_notices":[],"_links":{"self":[{"href":"https:\/\/www.seven-valley-ranch.de\/webseiten\/wordpress\/wp-json\/wp\/v2\/pages\/38","targetHints":{"allow":["GET"]}}],"collection":[{"href":"https:\/\/www.seven-valley-ranch.de\/webseiten\/wordpress\/wp-json\/wp\/v2\/pages"}],"about":[{"href":"https:\/\/www.seven-valley-ranch.de\/webseiten\/wordpress\/wp-json\/wp\/v2\/types\/page"}],"author":[{"embeddable":true,"href":"https:\/\/www.seven-valley-ranch.de\/webseiten\/wordpress\/wp-json\/wp\/v2\/users\/1"}],"replies":[{"embeddable":true,"href":"https:\/\/www.seven-valley-ranch.de\/webseiten\/wordpress\/wp-json\/wp\/v2\/comments?post=38"}],"version-history":[{"count":13,"href":"https:\/\/www.seven-valley-ranch.de\/webseiten\/wordpress\/wp-json\/wp\/v2\/pages\/38\/revisions"}],"predecessor-version":[{"id":1271,"href":"https:\/\/www.seven-valley-ranch.de\/webseiten\/wordpress\/wp-json\/wp\/v2\/pages\/38\/revisions\/1271"}],"up":[{"embeddable":true,"href":"https:\/\/www.seven-valley-ranch.de\/webseiten\/wordpress\/wp-json\/wp\/v2\/pages\/22"}],"wp:attachment":[{"href":"https:\/\/www.seven-valley-ranch.de\/webseiten\/wordpress\/wp-json\/wp\/v2\/media?parent=38"}],"curies":[{"name":"wp","href":"https:\/\/api.w.org\/{rel}","templated":true}]}}