{"id":223,"date":"2015-10-09T05:01:27","date_gmt":"2015-10-09T03:01:27","guid":{"rendered":"http:\/\/neu.seven-valley-ranch.de\/?page_id=223"},"modified":"2023-12-01T19:58:20","modified_gmt":"2023-12-01T18:58:20","slug":"ferienwohnung-gina","status":"publish","type":"page","link":"https:\/\/www.seven-valley-ranch.de\/webseiten\/wordpress\/die-haeuser\/ferienwohnung-gina\/","title":{"rendered":"Ferienwohnung Gina"},"content":{"rendered":"<p style=\"text-align: justify;\">Unsere beiden Ferienwohnungen befinden sich in der Stallgasse des ehemaligen Reiterhofs. Sie sind noch ger\u00e4umiger als die Ferienh\u00e4user und daher besonders gut f\u00fcr G\u00e4ste mit mehreren gro\u00dfen Hunden geeignet. Die Wohnungen haben jeweils einen kleinen eingez\u00e4unten Gartenbereich mit Tisch und St\u00fchlen (Wildzaun, ca. 1,30m).<\/p>\n<ul>\n<li>60 qm Wohnfl\u00e4che<\/li>\n<li>Duschbad<\/li>\n<li>Wohnk\u00fcche mit separatem Essbereich<\/li>\n<li>gem\u00fctliche Couch<\/li>\n<li>moderner Flatscreen-TV<\/li>\n<li>im Obergeschoss Schlafgalerie (f\u00fcr 4 Personen: 1 Doppelbett 1,80m x 2,00m \/ 1 Doppelbett 1,40m x 2,00m)<\/li>\n<li>Nichtraucherwohnung<\/li>\n<li>kleiner eingez\u00e4unter Garten<\/li>\n<\/ul>\nngg_shortcode_0_placeholder\n<p><iframe loading=\"lazy\" src=\"https:\/\/www.webplanner.de\/tools\/?6c343c3c383b3065343064343069\" name=\"webplanner19958\" width=\"100%\" height=\"1000\" frameborder=\"0\"><\/iframe><script type=\"text\/javascript\" src=\"https:\/\/www.webplanner.de\/tools\/js\/9369-19958.js\"><\/script><\/p>\n","protected":false},"excerpt":{"rendered":"<p>Unsere beiden Ferienwohnungen befinden sich in der Stallgasse des ehemaligen Reiterhofs. Sie sind noch ger\u00e4umiger als die Ferienh\u00e4user und daher besonders gut f\u00fcr G\u00e4ste mit mehreren gro\u00dfen Hunden geeignet. Die Wohnungen haben jeweils einen kleinen eingez\u00e4unten Gartenbereich mit Tisch und St\u00fchlen (Wildzaun, ca. 1,30m). 60 qm Wohnfl\u00e4che Duschbad Wohnk\u00fcche mit separatem Essbereich gem\u00fctliche Couch moderner&hellip; <a class=\"continue\" href=\"https:\/\/www.seven-valley-ranch.de\/webseiten\/wordpress\/die-haeuser\/ferienwohnung-gina\/\">Weiterlesen<span> Ferienwohnung Gina<\/span><\/a><\/p>\n","protected":false},"author":1,"featured_media":0,"parent":146,"menu_order":0,"comment_status":"closed","ping_status":"closed","template":"","meta":{"ngg_post_thumbnail":0,"footnotes":""},"class_list":["post-223","page","type-page","status-publish","hentry","without-featured-image"],"aioseo_notices":[],"_links":{"self":[{"href":"https:\/\/www.seven-valley-ranch.de\/webseiten\/wordpress\/wp-json\/wp\/v2\/pages\/223","targetHints":{"allow":["GET"]}}],"collection":[{"href":"https:\/\/www.seven-valley-ranch.de\/webseiten\/wordpress\/wp-json\/wp\/v2\/pages"}],"about":[{"href":"https:\/\/www.seven-valley-ranch.de\/webseiten\/wordpress\/wp-json\/wp\/v2\/types\/page"}],"author":[{"embeddable":true,"href":"https:\/\/www.seven-valley-ranch.de\/webseiten\/wordpress\/wp-json\/wp\/v2\/users\/1"}],"replies":[{"embeddable":true,"href":"https:\/\/www.seven-valley-ranch.de\/webseiten\/wordpress\/wp-json\/wp\/v2\/comments?post=223"}],"version-history":[{"count":15,"href":"https:\/\/www.seven-valley-ranch.de\/webseiten\/wordpress\/wp-json\/wp\/v2\/pages\/223\/revisions"}],"predecessor-version":[{"id":1225,"href":"https:\/\/www.seven-valley-ranch.de\/webseiten\/wordpress\/wp-json\/wp\/v2\/pages\/223\/revisions\/1225"}],"up":[{"embeddable":true,"href":"https:\/\/www.seven-valley-ranch.de\/webseiten\/wordpress\/wp-json\/wp\/v2\/pages\/146"}],"wp:attachment":[{"href":"https:\/\/www.seven-valley-ranch.de\/webseiten\/wordpress\/wp-json\/wp\/v2\/media?parent=223"}],"curies":[{"name":"wp","href":"https:\/\/api.w.org\/{rel}","templated":true}]}}