{"id":22,"date":"2015-10-06T02:35:21","date_gmt":"2015-10-06T00:35:21","guid":{"rendered":"http:\/\/neu.seven-valley-ranch.de\/?page_id=22"},"modified":"2023-12-01T19:48:55","modified_gmt":"2023-12-01T18:48:55","slug":"die-ranch","status":"publish","type":"page","link":"https:\/\/www.seven-valley-ranch.de\/webseiten\/wordpress\/die-ranch\/","title":{"rendered":"Die Ranch"},"content":{"rendered":"<p style=\"text-align: justify;\">Unsere Ranch ist ruhig gelegen, mitten im Hunsr\u00fcck, nur 10 km von der Mosel entfernt, umgeben von Wald und Wiesen, Weinbergen, Wander- und Reitwegen.<\/p>\n<p style=\"text-align: justify;\">Im Hauptgeb\u00e4ude, einem ehemaligen Reiterhof, befindet sich der gem\u00fctliche Pfotentreff mit einer kleinen Gastrok\u00fcche. Hier k\u00f6nnen unsere G\u00e4ste von Mittwoch bis Montag auf Wunsch fr\u00fchst\u00fccken und auch zu Abend essen. Die vierbeinigen Begleiter d\u00fcrfen selbstverst\u00e4ndlich auch mit.<\/p>\nngg_shortcode_0_placeholder\n<p style=\"text-align: justify;\">Die Ferienh\u00e4user befinden sich auf dem 3000 qm gro\u00dfen, eingez\u00e4unten Gel\u00e4nde (Maschendrahtzaun, ca. 1,30m hoch). Die ganz aus Holz gebauten H\u00e4user sind gem\u00fctlich und hundefreundlich eingerichtet und verf\u00fcgen teilweise \u00fcber einen eigenen Garten. Die beiden Ferienwohnungen wurden liebevoll in die alte Stallgasse hineingebaut.<\/p>\n<p style=\"text-align: justify;\">Ebenfalls auf dem Gel\u00e4nde befinden sich 2 eingez\u00e4unte Freil\u00e4ufe mit einem Hundepool sowie ein Fun-Agilityplatz.&nbsp;<\/p>\n<p><a href=\"https:\/\/www.seven-valley-ranch.de\/wp-content\/uploads\/2021\/09\/luftbild_ranch1.jpg\"><img loading=\"lazy\" decoding=\"async\" class=\"alignnone size-large wp-image-1082\" src=\"https:\/\/www.seven-valley-ranch.de\/wp-content\/uploads\/2021\/09\/luftbild_ranch1-1024x515.jpg\" alt=\"\" width=\"620\" height=\"312\" srcset=\"https:\/\/www.seven-valley-ranch.de\/wp-content\/uploads\/2021\/09\/luftbild_ranch1-1024x515.jpg 1024w, https:\/\/www.seven-valley-ranch.de\/wp-content\/uploads\/2021\/09\/luftbild_ranch1-300x151.jpg 300w, https:\/\/www.seven-valley-ranch.de\/wp-content\/uploads\/2021\/09\/luftbild_ranch1-768x386.jpg 768w, https:\/\/www.seven-valley-ranch.de\/wp-content\/uploads\/2021\/09\/luftbild_ranch1-1536x772.jpg 1536w, https:\/\/www.seven-valley-ranch.de\/wp-content\/uploads\/2021\/09\/luftbild_ranch1-756x380.jpg 756w, https:\/\/www.seven-valley-ranch.de\/wp-content\/uploads\/2021\/09\/luftbild_ranch1.jpg 1600w\" sizes=\"auto, (max-width: 620px) 100vw, 620px\" \/><\/a><\/p>\n","protected":false},"excerpt":{"rendered":"<p>Unsere Ranch ist ruhig gelegen, mitten im Hunsr\u00fcck, nur 10 km von der Mosel entfernt, umgeben von Wald und Wiesen, Weinbergen, Wander- und Reitwegen. Im Hauptgeb\u00e4ude, einem ehemaligen Reiterhof, befindet sich der gem\u00fctliche Pfotentreff mit einer kleinen Gastrok\u00fcche. Hier k\u00f6nnen unsere G\u00e4ste von Mittwoch bis Montag auf Wunsch fr\u00fchst\u00fccken und auch zu Abend essen. Die&hellip; <a class=\"continue\" href=\"https:\/\/www.seven-valley-ranch.de\/webseiten\/wordpress\/die-ranch\/\">Weiterlesen<span> Die Ranch<\/span><\/a><\/p>\n","protected":false},"author":1,"featured_media":0,"parent":0,"menu_order":0,"comment_status":"closed","ping_status":"closed","template":"","meta":{"ngg_post_thumbnail":0,"footnotes":""},"class_list":["post-22","page","type-page","status-publish","hentry","without-featured-image"],"aioseo_notices":[],"_links":{"self":[{"href":"https:\/\/www.seven-valley-ranch.de\/webseiten\/wordpress\/wp-json\/wp\/v2\/pages\/22","targetHints":{"allow":["GET"]}}],"collection":[{"href":"https:\/\/www.seven-valley-ranch.de\/webseiten\/wordpress\/wp-json\/wp\/v2\/pages"}],"about":[{"href":"https:\/\/www.seven-valley-ranch.de\/webseiten\/wordpress\/wp-json\/wp\/v2\/types\/page"}],"author":[{"embeddable":true,"href":"https:\/\/www.seven-valley-ranch.de\/webseiten\/wordpress\/wp-json\/wp\/v2\/users\/1"}],"replies":[{"embeddable":true,"href":"https:\/\/www.seven-valley-ranch.de\/webseiten\/wordpress\/wp-json\/wp\/v2\/comments?post=22"}],"version-history":[{"count":21,"href":"https:\/\/www.seven-valley-ranch.de\/webseiten\/wordpress\/wp-json\/wp\/v2\/pages\/22\/revisions"}],"predecessor-version":[{"id":1218,"href":"https:\/\/www.seven-valley-ranch.de\/webseiten\/wordpress\/wp-json\/wp\/v2\/pages\/22\/revisions\/1218"}],"wp:attachment":[{"href":"https:\/\/www.seven-valley-ranch.de\/webseiten\/wordpress\/wp-json\/wp\/v2\/media?parent=22"}],"curies":[{"name":"wp","href":"https:\/\/api.w.org\/{rel}","templated":true}]}}