{"id":214,"date":"2015-10-09T01:37:10","date_gmt":"2015-10-08T23:37:10","guid":{"rendered":"http:\/\/neu.seven-valley-ranch.de\/?page_id=214"},"modified":"2024-06-29T20:08:24","modified_gmt":"2024-06-29T18:08:24","slug":"ferienhaus-strolch","status":"publish","type":"page","link":"https:\/\/www.seven-valley-ranch.de\/webseiten\/wordpress\/die-haeuser\/ferienhaus-strolch\/","title":{"rendered":"Ferienhaus Strolch"},"content":{"rendered":"<p>Unser Nichtraucher-Haus Strolch&nbsp;ist ein gem\u00fctliches, kleines Holzhaus. Es verf\u00fcgt \u00fcber einen eingez\u00e4unten Garten (1,40m, Wildzaun). Sonnenschirm und Gartenliegen stehen ebenfalls zur Verf\u00fcgung.<\/p>\n<ul>\n<li>25 qm<\/li>\n<li>Wohn-\/Schlafraum (f\u00fcr 2 Personen)<\/li>\n<li>moderner Flatscreen-TV<\/li>\n<li>Pantry-K\u00fcche<\/li>\n<li>Duschbad<\/li>\n<li>eingez\u00e4unter Garten<\/li>\n<li>Nichtraucherhaus<\/li>\n<\/ul>\nngg_shortcode_0_placeholder\n<p>&nbsp;<br \/>\n<iframe loading=\"lazy\" src=\"https:\/\/www.webplanner.de\/tools\/?6c343c3c39343065343064343069\" name=\"webplanner19961\" width=\"100%\" height=\"1000\" frameborder=\"0\"><\/iframe><script type=\"text\/javascript\" src=\"https:\/\/www.webplanner.de\/tools\/js\/9369-19961.js\"><\/script><br \/>\n&nbsp;<\/p>\n","protected":false},"excerpt":{"rendered":"<p>Unser Nichtraucher-Haus Strolch&nbsp;ist ein gem\u00fctliches, kleines Holzhaus. Es verf\u00fcgt \u00fcber einen eingez\u00e4unten Garten (1,40m, Wildzaun). Sonnenschirm und Gartenliegen stehen ebenfalls zur Verf\u00fcgung. 25 qm Wohn-\/Schlafraum (f\u00fcr 2 Personen) moderner Flatscreen-TV Pantry-K\u00fcche Duschbad eingez\u00e4unter Garten Nichtraucherhaus &nbsp; &nbsp; &nbsp;<\/p>\n","protected":false},"author":1,"featured_media":0,"parent":146,"menu_order":0,"comment_status":"closed","ping_status":"closed","template":"","meta":{"ngg_post_thumbnail":0,"footnotes":""},"class_list":["post-214","page","type-page","status-publish","hentry","without-featured-image"],"aioseo_notices":[],"_links":{"self":[{"href":"https:\/\/www.seven-valley-ranch.de\/webseiten\/wordpress\/wp-json\/wp\/v2\/pages\/214","targetHints":{"allow":["GET"]}}],"collection":[{"href":"https:\/\/www.seven-valley-ranch.de\/webseiten\/wordpress\/wp-json\/wp\/v2\/pages"}],"about":[{"href":"https:\/\/www.seven-valley-ranch.de\/webseiten\/wordpress\/wp-json\/wp\/v2\/types\/page"}],"author":[{"embeddable":true,"href":"https:\/\/www.seven-valley-ranch.de\/webseiten\/wordpress\/wp-json\/wp\/v2\/users\/1"}],"replies":[{"embeddable":true,"href":"https:\/\/www.seven-valley-ranch.de\/webseiten\/wordpress\/wp-json\/wp\/v2\/comments?post=214"}],"version-history":[{"count":17,"href":"https:\/\/www.seven-valley-ranch.de\/webseiten\/wordpress\/wp-json\/wp\/v2\/pages\/214\/revisions"}],"predecessor-version":[{"id":1256,"href":"https:\/\/www.seven-valley-ranch.de\/webseiten\/wordpress\/wp-json\/wp\/v2\/pages\/214\/revisions\/1256"}],"up":[{"embeddable":true,"href":"https:\/\/www.seven-valley-ranch.de\/webseiten\/wordpress\/wp-json\/wp\/v2\/pages\/146"}],"wp:attachment":[{"href":"https:\/\/www.seven-valley-ranch.de\/webseiten\/wordpress\/wp-json\/wp\/v2\/media?parent=214"}],"curies":[{"name":"wp","href":"https:\/\/api.w.org\/{rel}","templated":true}]}}