{"id":188,"date":"2015-10-09T00:52:31","date_gmt":"2015-10-08T22:52:31","guid":{"rendered":"http:\/\/neu.seven-valley-ranch.de\/?page_id=188"},"modified":"2023-12-01T19:57:02","modified_gmt":"2023-12-01T18:57:02","slug":"ferienhaus-laika","status":"publish","type":"page","link":"https:\/\/www.seven-valley-ranch.de\/webseiten\/wordpress\/die-haeuser\/ferienhaus-laika\/","title":{"rendered":"Ferienhaus Laika"},"content":{"rendered":"<p style=\"text-align: justify;\">Unser Nichtraucher-Haus Laika ist ein rustikales Holzhaus. Es verf\u00fcgt \u00fcber einen kleinen eingez\u00e4unten Garten (1,40m, Maschendrahtzaun mit Sichtschutz) und eine kleine Terrasse mit Gartenm\u00f6beln. Sonnenschirm und Gartenliegen stehen ebenfalls zur Verf\u00fcgung. Im Hausinneren befinden sich eine Wohnk\u00fcche mit Esstisch sowie ein kuscheliger Couchbereich. Der Kaminofen l\u00e4dt zu Gem\u00fctlichkeit ein. In der Schlafgalerie im Obergeschoss befinden sich 2 Doppelbetten (140 x 200 cm). Ein Duschbad komplettiert die Einrichtung.<\/p>\n<ul>\n<li>50 qm<\/li>\n<li>Wohnzimmer (mit Schlafcouch)<\/li>\n<li>moderner Flatscreen-TV<\/li>\n<li>offene K\u00fcche mit Essecke<\/li>\n<li>Duschbad<\/li>\n<li>im Obergeschoss Schlafgalerie mit 2 Doppelbetten (1,40 x 2,00 m)<\/li>\n<li>Kaminofen<\/li>\n<li>eingez\u00e4unter kleiner Garten mit Terrasse<\/li>\n<li>Nichtraucher-Haus<\/li>\n<\/ul>\nngg_shortcode_0_placeholder\n<p>&nbsp;<\/p>\n<p><iframe loading=\"lazy\" src=\"https:\/\/www.webplanner.de\/tools\/?6c343c3c38393065343064343069\" name=\"webplanner19956\" width=\"100%\" height=\"1000\" frameborder=\"0\"><\/iframe><script type=\"text\/javascript\" src=\"https:\/\/www.webplanner.de\/tools\/js\/9369-19956.js\"><\/script><\/p>\n","protected":false},"excerpt":{"rendered":"<p>Unser Nichtraucher-Haus Laika ist ein rustikales Holzhaus. Es verf\u00fcgt \u00fcber einen kleinen eingez\u00e4unten Garten (1,40m, Maschendrahtzaun mit Sichtschutz) und eine kleine Terrasse mit Gartenm\u00f6beln. Sonnenschirm und Gartenliegen stehen ebenfalls zur Verf\u00fcgung. Im Hausinneren befinden sich eine Wohnk\u00fcche mit Esstisch sowie ein kuscheliger Couchbereich. Der Kaminofen l\u00e4dt zu Gem\u00fctlichkeit ein. In der Schlafgalerie im Obergeschoss befinden&hellip; <a class=\"continue\" href=\"https:\/\/www.seven-valley-ranch.de\/webseiten\/wordpress\/die-haeuser\/ferienhaus-laika\/\">Weiterlesen<span> Ferienhaus Laika<\/span><\/a><\/p>\n","protected":false},"author":1,"featured_media":0,"parent":146,"menu_order":0,"comment_status":"closed","ping_status":"closed","template":"","meta":{"ngg_post_thumbnail":0,"footnotes":""},"class_list":["post-188","page","type-page","status-publish","hentry","without-featured-image"],"aioseo_notices":[],"_links":{"self":[{"href":"https:\/\/www.seven-valley-ranch.de\/webseiten\/wordpress\/wp-json\/wp\/v2\/pages\/188","targetHints":{"allow":["GET"]}}],"collection":[{"href":"https:\/\/www.seven-valley-ranch.de\/webseiten\/wordpress\/wp-json\/wp\/v2\/pages"}],"about":[{"href":"https:\/\/www.seven-valley-ranch.de\/webseiten\/wordpress\/wp-json\/wp\/v2\/types\/page"}],"author":[{"embeddable":true,"href":"https:\/\/www.seven-valley-ranch.de\/webseiten\/wordpress\/wp-json\/wp\/v2\/users\/1"}],"replies":[{"embeddable":true,"href":"https:\/\/www.seven-valley-ranch.de\/webseiten\/wordpress\/wp-json\/wp\/v2\/comments?post=188"}],"version-history":[{"count":21,"href":"https:\/\/www.seven-valley-ranch.de\/webseiten\/wordpress\/wp-json\/wp\/v2\/pages\/188\/revisions"}],"predecessor-version":[{"id":1222,"href":"https:\/\/www.seven-valley-ranch.de\/webseiten\/wordpress\/wp-json\/wp\/v2\/pages\/188\/revisions\/1222"}],"up":[{"embeddable":true,"href":"https:\/\/www.seven-valley-ranch.de\/webseiten\/wordpress\/wp-json\/wp\/v2\/pages\/146"}],"wp:attachment":[{"href":"https:\/\/www.seven-valley-ranch.de\/webseiten\/wordpress\/wp-json\/wp\/v2\/media?parent=188"}],"curies":[{"name":"wp","href":"https:\/\/api.w.org\/{rel}","templated":true}]}}