{"id":179,"date":"2015-10-09T00:42:41","date_gmt":"2015-10-08T22:42:41","guid":{"rendered":"http:\/\/neu.seven-valley-ranch.de\/?page_id=179"},"modified":"2024-01-26T21:02:36","modified_gmt":"2024-01-26T20:02:36","slug":"ferienhaus-merlin","status":"publish","type":"page","link":"https:\/\/www.seven-valley-ranch.de\/webseiten\/wordpress\/die-haeuser\/ferienhaus-merlin\/","title":{"rendered":"Ferienhaus Merlin"},"content":{"rendered":"<p style=\"text-align: justify;\">Unser Nichtraucher-Haus Merlin&nbsp;ist ein rustikales Holzhaus, gem\u00fctlich eingerichtet. Es verf\u00fcgt \u00fcber einen Schlafraum im Erdgeschoss (Doppelbett 140 x 200cm), eine&nbsp;Wohnk\u00fcche&nbsp;mit Essbereich, ein Duschbad und eine Schlafgalerie f\u00fcr 3 Personen im Obergescho\u00df.<\/p>\n<ul>\n<li>50 qm<\/li>\n<li>Schlafraum (Doppelbett 1,40 x 2,00 m)<\/li>\n<li>Duschbad<\/li>\n<li>Wohnk\u00fcche mit Essbereich<\/li>\n<li>moderner Flatscreen-TV<\/li>\n<li>Schlafgalerie im Obergeschoss<\/li>\n<li>Nichtraucherhaus<\/li>\n<li>kleine eingez\u00e4unte Terrasse<\/li>\n<\/ul>\nngg_shortcode_0_placeholder\n<p>&nbsp;<br \/>\n<iframe loading=\"lazy\" src=\"https:\/\/www.webplanner.de\/tools\/?6c343c3c39353065343064343069\" name=\"webplanner19962\" width=\"100%\" height=\"1000\" frameborder=\"0\"><\/iframe><script type=\"text\/javascript\" src=\"https:\/\/www.webplanner.de\/tools\/js\/9369-19962.js\"><\/script><\/p>\n","protected":false},"excerpt":{"rendered":"<p>Unser Nichtraucher-Haus Merlin&nbsp;ist ein rustikales Holzhaus, gem\u00fctlich eingerichtet. Es verf\u00fcgt \u00fcber einen Schlafraum im Erdgeschoss (Doppelbett 140 x 200cm), eine&nbsp;Wohnk\u00fcche&nbsp;mit Essbereich, ein Duschbad und eine Schlafgalerie f\u00fcr 3 Personen im Obergescho\u00df. 50 qm Schlafraum (Doppelbett 1,40 x 2,00 m) Duschbad Wohnk\u00fcche mit Essbereich moderner Flatscreen-TV Schlafgalerie im Obergeschoss Nichtraucherhaus kleine eingez\u00e4unte Terrasse &nbsp; &nbsp;<\/p>\n","protected":false},"author":1,"featured_media":0,"parent":146,"menu_order":0,"comment_status":"closed","ping_status":"closed","template":"","meta":{"ngg_post_thumbnail":0,"footnotes":""},"class_list":["post-179","page","type-page","status-publish","hentry","without-featured-image"],"aioseo_notices":[],"_links":{"self":[{"href":"https:\/\/www.seven-valley-ranch.de\/webseiten\/wordpress\/wp-json\/wp\/v2\/pages\/179","targetHints":{"allow":["GET"]}}],"collection":[{"href":"https:\/\/www.seven-valley-ranch.de\/webseiten\/wordpress\/wp-json\/wp\/v2\/pages"}],"about":[{"href":"https:\/\/www.seven-valley-ranch.de\/webseiten\/wordpress\/wp-json\/wp\/v2\/types\/page"}],"author":[{"embeddable":true,"href":"https:\/\/www.seven-valley-ranch.de\/webseiten\/wordpress\/wp-json\/wp\/v2\/users\/1"}],"replies":[{"embeddable":true,"href":"https:\/\/www.seven-valley-ranch.de\/webseiten\/wordpress\/wp-json\/wp\/v2\/comments?post=179"}],"version-history":[{"count":17,"href":"https:\/\/www.seven-valley-ranch.de\/webseiten\/wordpress\/wp-json\/wp\/v2\/pages\/179\/revisions"}],"predecessor-version":[{"id":1229,"href":"https:\/\/www.seven-valley-ranch.de\/webseiten\/wordpress\/wp-json\/wp\/v2\/pages\/179\/revisions\/1229"}],"up":[{"embeddable":true,"href":"https:\/\/www.seven-valley-ranch.de\/webseiten\/wordpress\/wp-json\/wp\/v2\/pages\/146"}],"wp:attachment":[{"href":"https:\/\/www.seven-valley-ranch.de\/webseiten\/wordpress\/wp-json\/wp\/v2\/media?parent=179"}],"curies":[{"name":"wp","href":"https:\/\/api.w.org\/{rel}","templated":true}]}}