{"id":158,"date":"2015-10-08T03:19:07","date_gmt":"2015-10-08T01:19:07","guid":{"rendered":"http:\/\/neu.seven-valley-ranch.de\/?page_id=158"},"modified":"2023-12-01T19:57:39","modified_gmt":"2023-12-01T18:57:39","slug":"ferienhaus-lupo","status":"publish","type":"page","link":"https:\/\/www.seven-valley-ranch.de\/webseiten\/wordpress\/die-haeuser\/ferienhaus-lupo\/","title":{"rendered":"Ferienhaus Lupo"},"content":{"rendered":"<p style=\"text-align: justify;\">Unser Nichtraucher-Haus Lupo ist ein rustikales Holzhaus, gem\u00fctlich eingerichtet. Es verf\u00fcgt \u00fcber einen kleinen eingez\u00e4unten Garten (1,40m, Maschendrahtzaun mit Sichtschutz) und eine Terrasse mit Gartenm\u00f6beln. Sonnenschirm und Gartenliegen stehen ebenfalls zur Verf\u00fcgung. Von der Terasse aus haben Sie einen herrlichen Blick \u00fcber das Tal in Richtung der Mosel und k\u00f6nnen abends wundersch\u00f6ne Sonnenunterg\u00e4nge genie\u00dfen.<\/p>\n<ul>\n<li>Wohnfl\u00e4che 50 qm<\/li>\n<li>Wohnzimmer (mit Schlafcouch)<\/li>\n<li>moderner Flatscreen-TV&nbsp;<\/li>\n<li>offene K\u00fcche mit Essecke<\/li>\n<li>Duschbad<\/li>\n<li>im Obergeschoss Schlafgalerie mit 2 Doppelbetten (1,40 x 2,00 m)<\/li>\n<li>eingez\u00e4unter Garten<\/li>\n<li>Nichtraucher-Haus<\/li>\n<\/ul>\nngg_shortcode_0_placeholder\n<p>&nbsp;<br \/>\n<iframe loading=\"lazy\" src=\"https:\/\/www.webplanner.de\/tools\/?6c343c3c383a3065343064343069\" name=\"webplanner19957\" width=\"100%\" height=\"1000\" frameborder=\"0\"><\/iframe><script type=\"text\/javascript\" src=\"https:\/\/www.webplanner.de\/tools\/js\/9369-19957.js\"><\/script><\/p>\n","protected":false},"excerpt":{"rendered":"<p>Unser Nichtraucher-Haus Lupo ist ein rustikales Holzhaus, gem\u00fctlich eingerichtet. Es verf\u00fcgt \u00fcber einen kleinen eingez\u00e4unten Garten (1,40m, Maschendrahtzaun mit Sichtschutz) und eine Terrasse mit Gartenm\u00f6beln. Sonnenschirm und Gartenliegen stehen ebenfalls zur Verf\u00fcgung. Von der Terasse aus haben Sie einen herrlichen Blick \u00fcber das Tal in Richtung der Mosel und k\u00f6nnen abends wundersch\u00f6ne Sonnenunterg\u00e4nge genie\u00dfen. Wohnfl\u00e4che&hellip; <a class=\"continue\" href=\"https:\/\/www.seven-valley-ranch.de\/webseiten\/wordpress\/die-haeuser\/ferienhaus-lupo\/\">Weiterlesen<span> Ferienhaus Lupo<\/span><\/a><\/p>\n","protected":false},"author":1,"featured_media":0,"parent":146,"menu_order":0,"comment_status":"closed","ping_status":"closed","template":"","meta":{"ngg_post_thumbnail":0,"footnotes":""},"class_list":["post-158","page","type-page","status-publish","hentry","without-featured-image"],"aioseo_notices":[],"_links":{"self":[{"href":"https:\/\/www.seven-valley-ranch.de\/webseiten\/wordpress\/wp-json\/wp\/v2\/pages\/158","targetHints":{"allow":["GET"]}}],"collection":[{"href":"https:\/\/www.seven-valley-ranch.de\/webseiten\/wordpress\/wp-json\/wp\/v2\/pages"}],"about":[{"href":"https:\/\/www.seven-valley-ranch.de\/webseiten\/wordpress\/wp-json\/wp\/v2\/types\/page"}],"author":[{"embeddable":true,"href":"https:\/\/www.seven-valley-ranch.de\/webseiten\/wordpress\/wp-json\/wp\/v2\/users\/1"}],"replies":[{"embeddable":true,"href":"https:\/\/www.seven-valley-ranch.de\/webseiten\/wordpress\/wp-json\/wp\/v2\/comments?post=158"}],"version-history":[{"count":19,"href":"https:\/\/www.seven-valley-ranch.de\/webseiten\/wordpress\/wp-json\/wp\/v2\/pages\/158\/revisions"}],"predecessor-version":[{"id":1223,"href":"https:\/\/www.seven-valley-ranch.de\/webseiten\/wordpress\/wp-json\/wp\/v2\/pages\/158\/revisions\/1223"}],"up":[{"embeddable":true,"href":"https:\/\/www.seven-valley-ranch.de\/webseiten\/wordpress\/wp-json\/wp\/v2\/pages\/146"}],"wp:attachment":[{"href":"https:\/\/www.seven-valley-ranch.de\/webseiten\/wordpress\/wp-json\/wp\/v2\/media?parent=158"}],"curies":[{"name":"wp","href":"https:\/\/api.w.org\/{rel}","templated":true}]}}