{"id":146,"date":"2015-10-08T02:49:31","date_gmt":"2015-10-08T00:49:31","guid":{"rendered":"http:\/\/neu.seven-valley-ranch.de\/?page_id=146"},"modified":"2016-08-05T22:51:21","modified_gmt":"2016-08-05T20:51:21","slug":"die-haeuser","status":"publish","type":"page","link":"https:\/\/www.seven-valley-ranch.de\/webseiten\/wordpress\/die-haeuser\/","title":{"rendered":"Die H\u00e4user"},"content":{"rendered":"<h3>Unsere Ferienh\u00e4user &amp; Wohnungen<\/h3>\n<p>Unsere Ferienh\u00e4user und Ferienwohnungen sind liebevoll eingerichtet und mit allem N\u00f6tigen f\u00fcr einen entspannenden Aufenthalt ausgestattet. Die Ranch besteht aus 2 kleinen und 3 gr\u00f6\u00dferen Ferienh\u00e4usern sowie 2 Ferienwohnungen, die in die ehemalige Stallgasse des alten Reiterhofes hinein gebaut wurden.<\/p>\n<p>Alle H\u00e4user und Wohnungen verf\u00fcgen \u00fcber:<\/p>\n<ul>\n<li>Kaffeemaschine<\/li>\n<li>Toaster<\/li>\n<li>Wasserkocher<\/li>\n<li>Backofen oder Mikrowelle<\/li>\n<li>Geschirr, Besteck und K\u00fcchenutensilien<\/li>\n<li>Flatscreen-TV<\/li>\n<li>Radio<\/li>\n<li>F\u00f6n<\/li>\n<\/ul>\n<p>F\u00fcr unsere vierbeinigen G\u00e4ste gibt es:<\/p>\n<ul>\n<li>N\u00e4pfe<\/li>\n<li>Hundedecke\/Liegematte<\/li>\n<li>Hundehandt\u00fccher<\/li>\n<li>praktische Wandhaken f\u00fcr Leinen\/Geschirr usw.<\/li>\n<\/ul>\n<p><img loading=\"lazy\" decoding=\"async\" class=\"size-medium wp-image-26\" src=\"http:\/\/neu.seven-valley-ranch.de\/wp-content\/uploads\/2015\/10\/ranch_klein-300x225.jpg\" alt=\"Ansicht auf die Ranch\" width=\"300\" height=\"225\" srcset=\"https:\/\/www.seven-valley-ranch.de\/wp-content\/uploads\/2015\/10\/ranch_klein-300x225.jpg 300w, https:\/\/www.seven-valley-ranch.de\/wp-content\/uploads\/2015\/10\/ranch_klein-507x380.jpg 507w, https:\/\/www.seven-valley-ranch.de\/wp-content\/uploads\/2015\/10\/ranch_klein.jpg 640w\" sizes=\"auto, (max-width: 300px) 100vw, 300px\" \/><\/p>\n","protected":false},"excerpt":{"rendered":"<p>Unsere Ferienh\u00e4user &amp; Wohnungen Unsere Ferienh\u00e4user und Ferienwohnungen sind liebevoll eingerichtet und mit allem N\u00f6tigen f\u00fcr einen entspannenden Aufenthalt ausgestattet. Die Ranch besteht aus 2 kleinen und 3 gr\u00f6\u00dferen Ferienh\u00e4usern sowie 2 Ferienwohnungen, die in die ehemalige Stallgasse des alten Reiterhofes hinein gebaut wurden. Alle H\u00e4user und Wohnungen verf\u00fcgen \u00fcber: Kaffeemaschine Toaster Wasserkocher Backofen oder&hellip; <a class=\"continue\" href=\"https:\/\/www.seven-valley-ranch.de\/webseiten\/wordpress\/die-haeuser\/\">Weiterlesen<span> Die H\u00e4user<\/span><\/a><\/p>\n","protected":false},"author":1,"featured_media":0,"parent":0,"menu_order":0,"comment_status":"closed","ping_status":"closed","template":"","meta":{"ngg_post_thumbnail":0,"footnotes":""},"class_list":["post-146","page","type-page","status-publish","hentry","without-featured-image"],"aioseo_notices":[],"_links":{"self":[{"href":"https:\/\/www.seven-valley-ranch.de\/webseiten\/wordpress\/wp-json\/wp\/v2\/pages\/146","targetHints":{"allow":["GET"]}}],"collection":[{"href":"https:\/\/www.seven-valley-ranch.de\/webseiten\/wordpress\/wp-json\/wp\/v2\/pages"}],"about":[{"href":"https:\/\/www.seven-valley-ranch.de\/webseiten\/wordpress\/wp-json\/wp\/v2\/types\/page"}],"author":[{"embeddable":true,"href":"https:\/\/www.seven-valley-ranch.de\/webseiten\/wordpress\/wp-json\/wp\/v2\/users\/1"}],"replies":[{"embeddable":true,"href":"https:\/\/www.seven-valley-ranch.de\/webseiten\/wordpress\/wp-json\/wp\/v2\/comments?post=146"}],"version-history":[{"count":5,"href":"https:\/\/www.seven-valley-ranch.de\/webseiten\/wordpress\/wp-json\/wp\/v2\/pages\/146\/revisions"}],"predecessor-version":[{"id":1022,"href":"https:\/\/www.seven-valley-ranch.de\/webseiten\/wordpress\/wp-json\/wp\/v2\/pages\/146\/revisions\/1022"}],"wp:attachment":[{"href":"https:\/\/www.seven-valley-ranch.de\/webseiten\/wordpress\/wp-json\/wp\/v2\/media?parent=146"}],"curies":[{"name":"wp","href":"https:\/\/api.w.org\/{rel}","templated":true}]}}